{"id":57420,"date":"2020-09-14T07:57:26","date_gmt":"2020-09-14T07:57:26","guid":{"rendered":"http:\/\/s838747682.mialojamiento.es\/?page_id=57420"},"modified":"2020-09-16T11:11:34","modified_gmt":"2020-09-16T11:11:34","slug":"que-es-aceds","status":"publish","type":"page","link":"https:\/\/aceds.cat\/es\/sobre-aceds\/que-es-aceds","title":{"rendered":"\u00bfQu\u00e9 es ACEDS?"},"content":{"rendered":"<p>[vc_row][vc_column width=\u00bb1\/2&#8243;][vc_column_text]La Asociaci\u00f3n Catalana de Especialistas en Derecho de Sucesiones (ACEDS) es una entidad sin \u00e1nimo de lucro nacida en 2012 <strong>con la finalidad de fomentar el estudio y difundir el conocimiento de la legislaci\u00f3n, jurisprudencia y doctrina en Derecho de Sucesiones. <\/strong><\/p>\n<p>&nbsp;<\/p>\n<p>En ACEDS contribuimos a <strong>mejorar la formaci\u00f3n de los operadores jur\u00eddicos y econ\u00f3micos <\/strong>a la vez que colaboramos con toda clase de publicaciones con el objetivo de promover e informar sobre este \u00e1mbito del derecho.[\/vc_column_text][\/vc_column][vc_column width=\u00bb1\/2&#8243;][vc_single_image image=\u00bb57612&#8243; img_size=\u00bblarge\u00bb alignment=\u00bbcenter\u00bb css_animation=\u00bbfadeIn\u00bb][\/vc_column][\/vc_row][vc_row][vc_column][vc_empty_space][\/vc_column][\/vc_row]<\/p>\n","protected":false},"excerpt":{"rendered":"<p>[vc_row][vc_column width=\u00bb1\/2&#8243;][vc_column_text]La Asociaci\u00f3n Catalana de Especialistas en Derecho de Sucesiones (ACEDS) es una entidad sin \u00e1nimo de lucro nacida en 2012 con la finalidad de fomentar el estudio y difundir&hellip;<\/p>\n","protected":false},"author":2,"featured_media":0,"parent":57417,"menu_order":0,"comment_status":"closed","ping_status":"closed","template":"","meta":{"spay_email":""},"_links":{"self":[{"href":"https:\/\/aceds.cat\/es\/wp-json\/wp\/v2\/pages\/57420"}],"collection":[{"href":"https:\/\/aceds.cat\/es\/wp-json\/wp\/v2\/pages"}],"about":[{"href":"https:\/\/aceds.cat\/es\/wp-json\/wp\/v2\/types\/page"}],"author":[{"embeddable":true,"href":"https:\/\/aceds.cat\/es\/wp-json\/wp\/v2\/users\/2"}],"replies":[{"embeddable":true,"href":"https:\/\/aceds.cat\/es\/wp-json\/wp\/v2\/comments?post=57420"}],"version-history":[{"count":7,"href":"https:\/\/aceds.cat\/es\/wp-json\/wp\/v2\/pages\/57420\/revisions"}],"predecessor-version":[{"id":57614,"href":"https:\/\/aceds.cat\/es\/wp-json\/wp\/v2\/pages\/57420\/revisions\/57614"}],"up":[{"embeddable":true,"href":"https:\/\/aceds.cat\/es\/wp-json\/wp\/v2\/pages\/57417"}],"wp:attachment":[{"href":"https:\/\/aceds.cat\/es\/wp-json\/wp\/v2\/media?parent=57420"}],"curies":[{"name":"wp","href":"https:\/\/api.w.org\/{rel}","templated":true}]}}