{"id":57422,"date":"2020-09-14T07:58:20","date_gmt":"2020-09-14T07:58:20","guid":{"rendered":"http:\/\/s838747682.mialojamiento.es\/?page_id=57422"},"modified":"2020-12-02T15:23:39","modified_gmt":"2020-12-02T15:23:39","slug":"objetivos","status":"publish","type":"page","link":"https:\/\/aceds.cat\/es\/sobre-aceds\/objetivos","title":{"rendered":"Objetivos"},"content":{"rendered":"<p>[vc_row css=\u00bb.vc_custom_1600256300754{margin-bottom: 50px !important;}\u00bb][vc_column width=\u00bb1\/2&#8243;][vc_column_text]Una de las misiones de ACEDS <strong>es incidir y participar en el proceso de mejora del Derecho vigente<\/strong>, siempre en el \u00e1mbito sucesorio, para dar a conocer este campo espec\u00edfico.<\/p>\n<p>&nbsp;<\/p>\n<p>Bajo el amparo legal de la forma asociativa, ACEDS est\u00e1 construida por un <strong>equipo de m\u00e1s de 70 miembros que provienen de todos los campos del derecho<\/strong>. Desde abogados hasta profesores de universidad, notarios o economistas, todos tienen en com\u00fan el inter\u00e9s profesional y acad\u00e9mico por el Derecho de Sucesiones.[\/vc_column_text][\/vc_column][vc_column width=\u00bb1\/2&#8243;][vc_single_image image=\u00bb57640&#8243; img_size=\u00bbfull\u00bb alignment=\u00bbcenter\u00bb css_animation=\u00bbfadeIn\u00bb][\/vc_column][\/vc_row][vc_row bg_type=\u00bbbg_color\u00bb css=\u00bb.vc_custom_1600257608033{margin-bottom: 50px !important;padding-top: 60px !important;padding-right: 10px !important;padding-bottom: 50px !important;padding-left: 10px !important;}\u00bb bg_color_value=\u00bb#f4f5f8&#8243;][vc_column]<div id=\"ultv-7256\" class=\"ult-dual-color ult-adjust-bottom-margin ult-dual-color-responsive-none ultv-7256  \"><div class=\"ult-module-content ult-dual-color-heading\" style=\"text-align:center;\">\n\t\t\t\t\t\t<h3><span class=\"ult-before-heading\">\n\t\t\t\t\t\t\t\t\t<span class=\"ult-dual-heading-text ult-first-text ult-responsive\"  data-ultimate-target='.ult-dual-color.ultv-7256 .ult-dual-heading-text'  data-responsive-json-new='{\"font-size\":\"\",\"line-height\":\"\"}'  style=\"     border:none; font-weight:bold;\">Una de las misiones de<\/span>\n\t\t\t\t\t\t\t\t<\/span><span class=\"ult-adv-heading\" style=\"\">\n\t\t\t\t\t\t\t\t\t<span class=\"ult-dual-adv-heading-text ult-highlight-text ult-responsive\"  data-ultimate-target='.ult-dual-color.ultv-7256 .ult-highlight-text'  data-responsive-json-new='{\"font-size\":\"\",\"line-height\":\"\"}'  style=\"color:#e4a82b;     border:none; font-weight:bold;\">ACEDS<\/span>\n\t\t\t\t\t\t\t\t<\/span><span class=\"ult-after-heading\">\n\t\t\t\t\t\t\t\t\t<span class=\"ult-dual-heading-text ult-third-text\"  data-ultimate-target='.ult-dual-color.ultv-7256 .ult-dual-heading-text'  data-responsive-json-new='{\"font-size\":\"\",\"line-height\":\"\"}'  style=\"     border:none; font-weight:bold;\">es incidir y participar en el proceso de mejora del Derecho vigente, siempre en el \u00e1mbito sucesorio, para dar a conocer este campo espec\u00edfico.<\/span>\n\t\t\t\t\t\t\t\t<\/span><\/h3> <\/div><\/div>[\/vc_column][\/vc_row][vc_row css=\u00bb.vc_custom_1600256300754{margin-bottom: 50px !important;}\u00bb][vc_column width=\u00bb1\/2&#8243;][vc_single_image image=\u00bb57647&#8243; img_size=\u00bbfull\u00bb alignment=\u00bbcenter\u00bb css_animation=\u00bbfadeIn\u00bb][\/vc_column][vc_column width=\u00bb1\/2&#8243;][vc_column_text]Con m\u00e1s de seis a\u00f1os de experiencia en el sector, <strong>ACEDS ha desarrollado actividades destacadas<\/strong>, como la celebraci\u00f3n de la Jornada Cient\u00edfica a Cervera, o la publicaci\u00f3n del monogr\u00e1fico \u201cDerecho de Sucesiones: Actualidad pr\u00e1ctica, legislativa y Jurisprudencial\u201d juntamente con la Revista Jur\u00eddica de Catalunya, la Academia de Jurisprudencia de Catalunya y el Colegio de Abogados de Barcelona.[\/vc_column_text][\/vc_column][\/vc_row][vc_row][vc_column][vc_column_text]Adem\u00e1s, <strong>ACEDS ha participado en varios cursos y actividades acad\u00e9micas<\/strong> con la Universidad de Barcelona y ha dirigido ponencias en el XIX Congreso Internacional de Derecho Romano, adem\u00e1s de organizar jornadas cient\u00edficas internacionales con la colaboraci\u00f3n de Mapfre y el Colegio de Notarios de Catalunya.[\/vc_column_text][\/vc_column][\/vc_row]<\/p>\n","protected":false},"excerpt":{"rendered":"<p>[vc_row css=\u00bb.vc_custom_1600256300754{margin-bottom: 50px !important;}\u00bb][vc_column width=\u00bb1\/2&#8243;][vc_column_text]Una de las misiones de ACEDS es incidir y participar en el proceso de mejora del Derecho vigente, siempre en el \u00e1mbito sucesorio, para dar a&hellip;<\/p>\n","protected":false},"author":2,"featured_media":0,"parent":57417,"menu_order":0,"comment_status":"closed","ping_status":"closed","template":"","meta":{"spay_email":""},"_links":{"self":[{"href":"https:\/\/aceds.cat\/es\/wp-json\/wp\/v2\/pages\/57422"}],"collection":[{"href":"https:\/\/aceds.cat\/es\/wp-json\/wp\/v2\/pages"}],"about":[{"href":"https:\/\/aceds.cat\/es\/wp-json\/wp\/v2\/types\/page"}],"author":[{"embeddable":true,"href":"https:\/\/aceds.cat\/es\/wp-json\/wp\/v2\/users\/2"}],"replies":[{"embeddable":true,"href":"https:\/\/aceds.cat\/es\/wp-json\/wp\/v2\/comments?post=57422"}],"version-history":[{"count":21,"href":"https:\/\/aceds.cat\/es\/wp-json\/wp\/v2\/pages\/57422\/revisions"}],"predecessor-version":[{"id":58111,"href":"https:\/\/aceds.cat\/es\/wp-json\/wp\/v2\/pages\/57422\/revisions\/58111"}],"up":[{"embeddable":true,"href":"https:\/\/aceds.cat\/es\/wp-json\/wp\/v2\/pages\/57417"}],"wp:attachment":[{"href":"https:\/\/aceds.cat\/es\/wp-json\/wp\/v2\/media?parent=57422"}],"curies":[{"name":"wp","href":"https:\/\/api.w.org\/{rel}","templated":true}]}}