{"id":57438,"date":"2020-09-14T08:01:38","date_gmt":"2020-09-14T08:01:38","guid":{"rendered":"http:\/\/s838747682.mialojamiento.es\/?page_id=57438"},"modified":"2024-08-30T13:47:02","modified_gmt":"2024-08-30T11:47:02","slug":"contacto","status":"publish","type":"page","link":"https:\/\/aceds.cat\/es\/contacto","title":{"rendered":"Contacto"},"content":{"rendered":"<p>[vc_row][vc_column width=\u00bb1\/2&#8243;][vc_column_text]<\/p>\n<h3>Contacta con nosotros para m\u00e1s informaci\u00f3n<\/h3>\n<p>[\/vc_column_text][vc_column_text css=\u00bb.vc_custom_1602056904079{margin-top: 15px !important;}\u00bb]Puedes escribirnos a nuestro e-mail, llamarnos o rellenar el formulario que encontrar\u00e1s a continuaci\u00f3n[\/vc_column_text][vc_row_inner equal_height=\u00bbyes\u00bb content_placement=\u00bbmiddle\u00bb css=\u00bb.vc_custom_1602056922637{margin-top: 15px !important;margin-bottom: 25px !important;}\u00bb][vc_column_inner width=\u00bb1\/12&#8243;][vc_icon icon_fontawesome=\u00bbfas fa-envelope-open\u00bb color=\u00bbcustom\u00bb size=\u00bbsm\u00bb align=\u00bbcenter\u00bb css_animation=\u00bbbounceIn\u00bb css=\u00bb.vc_custom_1602056424657{margin-left: 15px !important;}\u00bb custom_color=\u00bb#e5a92b\u00bb][\/vc_column_inner][vc_column_inner width=\u00bb5\/12&#8243;][vc_column_text]<\/p>\n<div>info@aceds.cat<\/div>\n<p>[\/vc_column_text][\/vc_column_inner][vc_column_inner width=\u00bb1\/12&#8243;][vc_icon icon_fontawesome=\u00bbfas fa-phone-alt\u00bb color=\u00bbcustom\u00bb size=\u00bbsm\u00bb css_animation=\u00bbbounceIn\u00bb css=\u00bb.vc_custom_1602056462760{margin-left: 15px !important;}\u00bb custom_color=\u00bb#e5a92b\u00bb][\/vc_column_inner][vc_column_inner width=\u00bb5\/12&#8243;][vc_column_text]931 593 033[\/vc_column_text][\/vc_column_inner][\/vc_row_inner]<div role=\"form\" class=\"wpcf7\" id=\"wpcf7-f58046-o1\" lang=\"ca\" dir=\"ltr\">\n<div class=\"screen-reader-response\"><p role=\"status\" aria-live=\"polite\" aria-atomic=\"true\"><\/p> <ul><\/ul><\/div>\n<form action=\"\/es\/wp-json\/wp\/v2\/pages\/57438#wpcf7-f58046-o1\" method=\"post\" class=\"wpcf7-form init\" novalidate=\"novalidate\" data-status=\"init\">\n<div style=\"display: none;\">\n<input type=\"hidden\" name=\"_wpcf7\" value=\"58046\" \/>\n<input type=\"hidden\" name=\"_wpcf7_version\" value=\"5.3\" \/>\n<input type=\"hidden\" name=\"_wpcf7_locale\" value=\"ca\" \/>\n<input type=\"hidden\" name=\"_wpcf7_unit_tag\" value=\"wpcf7-f58046-o1\" \/>\n<input type=\"hidden\" name=\"_wpcf7_container_post\" value=\"0\" \/>\n<input type=\"hidden\" name=\"_wpcf7_posted_data_hash\" value=\"\" \/>\n<input type=\"hidden\" name=\"_wpcf7_recaptcha_response\" value=\"\" \/>\n<\/div>\n<p><span class=\"wpcf7-form-control-wrap your-name\"><input type=\"text\" name=\"your-name\" value=\"\" size=\"40\" class=\"wpcf7-form-control wpcf7-text wpcf7-validates-as-required\" aria-required=\"true\" aria-invalid=\"false\" placeholder=\"Nombre y apellido*\" \/><\/span><\/p>\n<p><span class=\"wpcf7-form-control-wrap your-email\"><input type=\"email\" name=\"your-email\" value=\"\" size=\"40\" class=\"wpcf7-form-control wpcf7-text wpcf7-email wpcf7-validates-as-required wpcf7-validates-as-email\" aria-required=\"true\" aria-invalid=\"false\" placeholder=\"Email*\" \/><\/span><\/p>\n<p><span class=\"wpcf7-form-control-wrap tel-308\"><input type=\"tel\" name=\"tel-308\" value=\"\" size=\"40\" class=\"wpcf7-form-control wpcf7-text wpcf7-tel wpcf7-validates-as-tel\" aria-invalid=\"false\" placeholder=\"Tel\u00e9fono\" \/><\/span><\/p>\n<p><span class=\"wpcf7-form-control-wrap your-message\"><textarea name=\"your-message\" cols=\"40\" rows=\"10\" class=\"wpcf7-form-control wpcf7-textarea\" aria-invalid=\"false\" placeholder=\"Mensaje\"><\/textarea><\/span><\/p>\n<p style=\"font-size:10px;\">*Campos obligatorios<\/p>\n<p style=\"font-size:10px;line-height:12px\">Responsable: Associaci\u00f3 Catalana d\u2019Especialistes en Dret de Successions (ACEDS)<\/p>\n<p style=\"font-size:10px;line-height:12px\">Finalidad: atender sus peticiones y solicitudes de informaci\u00f3n a trav\u00e9s de nuestro email y formulario de contacto. Derechos: acceso, rectificaci\u00f3n, supresi\u00f3n, portabilidad, limitaci\u00f3n del tratamiento y de oposici\u00f3n al tratamiento, dirigi\u00e9ndose al correo electr\u00f3nico: info@aceds.cat. Para saber m\u00e1s acerca de nuestro aviso legal, pol\u00edtica de privacidad y ley de cookies, <a href=\"https:\/aceds.cat\/politica-privacidad\" target=\"_blank\">clique aqu\u00ed<\/a>.<\/p>\n<p><input type=\"submit\" value=\"Enviar\" class=\"wpcf7-form-control wpcf7-submit\" \/><\/p>\n<p style=\"display: none !important;\"><label>&#916;<textarea name=\"_wpcf7_ak_hp_textarea\" cols=\"45\" rows=\"8\" maxlength=\"100\"><\/textarea><\/label><input type=\"hidden\" id=\"ak_js_1\" name=\"_wpcf7_ak_js\" value=\"174\"\/><script>document.getElementById( \"ak_js_1\" ).setAttribute( \"value\", ( new Date() ).getTime() );<\/script><\/p><div class=\"wpcf7-response-output\" aria-hidden=\"true\"><\/div><\/form><\/div>[\/vc_column][vc_column width=\u00bb1\/2&#8243;][vc_empty_space height=\u00bb50px\u00bb][vc_gmaps link=\u00bb#E-8_JTNDaWZyYW1lJTIwc3JjJTNEJTIyaHR0cHMlM0ElMkYlMkZ3d3cuZ29vZ2xlLmNvbSUyRm1hcHMlMkZlbWJlZCUzRnBiJTNEJTIxMW0xOCUyMTFtMTIlMjExbTMlMjExZDI5OTMuMjI4Njg0MDIwMjMxNCUyMTJkMi4xNjQ2Njg5NzUxMzg2NTQlMjEzZDQxLjM5MDgzOTc5NTc4MjUyJTIxMm0zJTIxMWYwJTIxMmYwJTIxM2YwJTIxM20yJTIxMWkxMDI0JTIxMmk3NjglMjE0ZjEzLjElMjEzbTMlMjExbTIlMjExczB4MTJhNGEyZjI3ZjhmZmZmZiUyNTNBMHgyZTliNGE3ODUzZWFiMDNkJTIxMnNQYXNzZWlnJTI1MjBkZSUyNTIwR3IlMjVDMyUyNUEwY2lhJTI1MkMlMjUyMDMyJTI1MkMlMjUyMDEtMiUyNTJDJTI1MjBFaXhhbXBsZSUyNTJDJTI1MjAwODAwNyUyNTIwQmFyY2Vsb25hJTIxNWUwJTIxM20yJTIxMXNlcyUyMTJzZXMlMjE0djE3MjUwMTgzNzQwODglMjE1bTIlMjExc2VzJTIxMnNlcyUyMiUyMHdpZHRoJTNEJTIyNjAwJTIyJTIwaGVpZ2h0JTNEJTIyNDUwJTIyJTIwc3R5bGUlM0QlMjJib3JkZXIlM0EwJTNCJTIyJTIwYWxsb3dmdWxsc2NyZWVuJTNEJTIyJTIyJTIwbG9hZGluZyUzRCUyMmxhenklMjIlMjByZWZlcnJlcnBvbGljeSUzRCUyMm5vLXJlZmVycmVyLXdoZW4tZG93bmdyYWRlJTIyJTNFJTNDJTJGaWZyYW1lJTNF\u00bb][\/vc_column][\/vc_row][vc_row][vc_column][vc_column_text]<\/p>\n<p>&nbsp;<\/p>\n<p>[\/vc_column_text][\/vc_column][\/vc_row]<\/p>\n","protected":false},"excerpt":{"rendered":"<p>[vc_row][vc_column width=\u00bb1\/2&#8243;][vc_column_text] Contacta con nosotros para m\u00e1s informaci\u00f3n [\/vc_column_text][vc_column_text css=\u00bb.vc_custom_1602056904079{margin-top: 15px !important;}\u00bb]Puedes escribirnos a nuestro e-mail, llamarnos o rellenar el formulario que encontrar\u00e1s a continuaci\u00f3n[\/vc_column_text][vc_row_inner equal_height=\u00bbyes\u00bb content_placement=\u00bbmiddle\u00bb css=\u00bb.vc_custom_1602056922637{margin-top: 15px !important;margin-bottom:&hellip;<\/p>\n","protected":false},"author":2,"featured_media":0,"parent":0,"menu_order":0,"comment_status":"closed","ping_status":"closed","template":"","meta":{"spay_email":""},"_links":{"self":[{"href":"https:\/\/aceds.cat\/es\/wp-json\/wp\/v2\/pages\/57438"}],"collection":[{"href":"https:\/\/aceds.cat\/es\/wp-json\/wp\/v2\/pages"}],"about":[{"href":"https:\/\/aceds.cat\/es\/wp-json\/wp\/v2\/types\/page"}],"author":[{"embeddable":true,"href":"https:\/\/aceds.cat\/es\/wp-json\/wp\/v2\/users\/2"}],"replies":[{"embeddable":true,"href":"https:\/\/aceds.cat\/es\/wp-json\/wp\/v2\/comments?post=57438"}],"version-history":[{"count":14,"href":"https:\/\/aceds.cat\/es\/wp-json\/wp\/v2\/pages\/57438\/revisions"}],"predecessor-version":[{"id":58400,"href":"https:\/\/aceds.cat\/es\/wp-json\/wp\/v2\/pages\/57438\/revisions\/58400"}],"wp:attachment":[{"href":"https:\/\/aceds.cat\/es\/wp-json\/wp\/v2\/media?parent=57438"}],"curies":[{"name":"wp","href":"https:\/\/api.w.org\/{rel}","templated":true}]}}