{"id":58115,"date":"2020-12-02T15:30:13","date_gmt":"2020-12-02T15:30:13","guid":{"rendered":"https:\/\/aceds.cat\/?page_id=58115"},"modified":"2020-12-02T15:33:17","modified_gmt":"2020-12-02T15:33:17","slug":"actividades","status":"publish","type":"page","link":"https:\/\/aceds.cat\/es\/actividades","title":{"rendered":"Actividades"},"content":{"rendered":"<p>L\u2019ACEDS (Associaci\u00f3 Catalana d\u2019Especialistes en Dret de Successions ) \u00e9s una entitat sense \u00e0nim de lucre <a href=\"#_ftn1\" name=\"_ftnref1\">[1]<\/a> <a href=\"#_ftn2\" name=\"_ftnref2\">[2]<\/a> creada el mes de desembre de 2.012 amb la finalitat principal de fomentar l\u2019estudi i difondre el coneixement de la legislaci\u00f3, jurisprud\u00e8ncia i doctrina en Dret de Successions, aix\u00ed com contribuir a millorar la formaci\u00f3 del operadors jur\u00eddics i econ\u00f2mics i col\u00b7laborar amb tota classe de publicacions per tal de promoure i informar sobre aquest \u00e0mbit del dret.<a href=\"#_ftn3\" name=\"_ftnref3\">[3]<\/a>\u00a0 Igualment, i no \u00e9s menys important, l\u2019ACEDS, sempre en l\u2019\u00e0mbit successori,\u00a0 pret\u00e9n incidir i participar en el proc\u00e9s de millora del Dret vigent. <a href=\"#_ftn4\" name=\"_ftnref4\">[4]<\/a><\/p>\n<p>Sota l\u2019empara legal de la forma associativa, l\u2019ACEDS est\u00e0 constru\u00efda per un grup de persones (76 a dia d\u2019avui) , provinents de tots els camps del dret; advocats, professors d\u2019universitat, notaris, registradors de la propietat i economistes, que tenen en com\u00fa el seu inter\u00e8s\u00a0 professional i acad\u00e8mic pel Dret de Successions. <a href=\"#_ftn5\" name=\"_ftnref5\">[5]<\/a><\/p>\n<p>En el seu r\u00e8gim intern, l\u2019ACEDS est\u00e0 formada per una Junta Directiva i tres comissions especialitzades: Empresa Familiar, Fiscal i Dret Internacional.<\/p>\n<p>Durant els seus primers vuit anys d\u2019exist\u00e8ncia, l\u2019ACEDS ha desenvolupat diverses activitats, d\u2019entre les quals destaquen :<\/p>\n<ul>\n<li>La celebraci\u00f3 d\u2019una Jornada Cient\u00edfica a Cervera, organitzada amb la col\u00b7laboraci\u00f3 de la Fundaci\u00f3 Roca-Sastre, sobre el Llibre IV del Codi Civil de Catalunya <a href=\"#_ftn6\" name=\"_ftnref6\">[6]<\/a>. Les conclusions de la Jornada varen ser publicades a \u201cReflexions sobre el llibre quart del Codi civil de Catalunya, relatiu a les successions: encerts, interrogants i propostes de reforma\u201d, <em>InDret, <\/em>2-2015.<\/li>\n<li>La participaci\u00f3 en diversos cursos i activitats acad\u00e8miques amb la Universitat de Barcelona en el marc del Conveni signat amb la UB el 2 de juny de 2.014.<\/li>\n<li>La publicaci\u00f3, juntament amb la Revista Jur\u00eddica de Catalunya, l\u2019Acad\u00e8mia de Jurisprud\u00e8ncia de Catalunya i el Col\u00b7legi d\u2019Advocats de Barcelona, del monogr\u00e0fic \u201cDerecho de Sucesiones: Actualidad pr\u00e0ctica, legislativa i Jurisprudencial\u201d <a href=\"#_ftn7\" name=\"_ftnref7\">[7]<\/a>. Amb motiu de la publicaci\u00f3 de l\u2019esmentat monogr\u00e0fic va celebrar-se a la seu de l\u2019ICAB una doble Jornada Cient\u00edfica en la que varen participar 200 advocats.<\/li>\n<li>Participaci\u00f3 en l\u2019organitzaci\u00f3 i amb diverses pon\u00e8ncies en el \u201cXIX Congreso Internacional de Derecho Romano\u201d. <a href=\"#_ftn8\" name=\"_ftnref8\">[8]<\/a><\/li>\n<li>Organitzaci\u00f3 i\/o participaci\u00f3 en diversos actes acad\u00e8mics d\u2019impacte a prop\u00f2sit de l\u2019 aprovaci\u00f3 i posterior entrada en vigor del Reglament UE 650 \/ 2012. <a href=\"#_ftn1\" name=\"_ftnref1\">[9]<\/a><\/li>\n<li>El mes de desembre de l\u2019any 2019 , amb la col\u00b7laboraci\u00f3 de Mapfre i el Col\u00b7legi de Notaris de Catalunya v\u00e0rem organitzar dues jornades cient\u00edfiques internacionals (Barcelona 10.12.19 i Palma de Mallorca 14.12.19) sobre els anomenats Will Substitutes (WS) . <a href=\"#_ftn2\" name=\"_ftnref2\">[10]<\/a> <a href=\"#_ftn3\" name=\"_ftnref3\">[11]<\/a> D\u2019aquestes Jornades sortir\u00e0 la publicaci\u00f3 d\u2019un llibre editat per Marcial Pons.<\/li>\n<li>En el mes de maig, l\u2019ACEDS i l\u2019Editorial Thompson \/ Reuters \/ Aranzadi hem publicat la obra \u201cTratado del Derecho de sucesiones vigente en Espa\u00f1a y Andorra\u201d (ISBN 978-84-1309-556-1) amb uns \u201calertes fiscals\u201d que serveixen per a orientar al civilista sobre aquelles q\u00fcestions fiscals rellevants a tenir en compte.<a href=\"#_ftn4\" name=\"_ftnref4\">[12]<\/a> Fruit d\u2019aquesta publicaci\u00f3, properament s\u2019organitzaran unes Jornades Cient\u00edfiques a Barcelona, Madrid i Andorra, que serviran com a presentaci\u00f3 de l\u2019esmentada obra.<\/li>\n<li>LA ACEDS promou la aprovaci\u00f3 i aplicaci\u00f3 d\u2019un protocol sobre la utilitat del Certificat Europeu en l\u2019\u00e0mbit intern, amb especial refer\u00e8ncia a la seva acceptaci\u00f3 per part de les entitats banc\u00e0ries.<\/li>\n<li>La ACEDS te una col\u00b7laboraci\u00f3 permanent amb la SCAF (Societat catalana d\u2019advocats de fam\u00edlia). Aquesta relaci\u00f3 s\u2019ha concretat en la realitzaci\u00f3 de diverses activitats conjuntes o en col\u00b7laboraci\u00f3.<a href=\"#_ftn5\" name=\"_ftnref5\">[13]<\/a><\/li>\n<li>La ACEDS ha signat un ampli conveni de col\u00b7laboraci\u00f3 amb Mapfre, multinacional asseguradora implicada amb les activitats de la Associaci\u00f3 i amb la que hem desenvolupat diversos projectes.<\/li>\n<\/ul>\n<p>&nbsp;<\/p>\n<p>Barcelona, NOVEMBRE de 2.020<\/p>\n<p>&nbsp;<\/p>\n<p>&nbsp;<\/p>\n<p><a href=\"#_ftnref1\" name=\"_ftn1\"><\/a><\/p>\n<p><a href=\"#_ftnref1\" name=\"_ftn1\">[1]<\/a> Constitu\u00efda a l\u2019empara de la Llei 4\/ 2.008 del Llibre III del CCCat i la Llei Org\u00e0nica 1\/ 2.002, de 22 de mar\u00e7.<\/p>\n<p><a href=\"#_ftnref2\" name=\"_ftn2\">[2]<\/a> \u00a0Inscrita al Registre de la Generalitat de Catalunya, expt. 51.157.<\/p>\n<p><a href=\"#_ftnref3\" name=\"_ftn3\">[3]<\/a> Vegi\u2019s l\u2019article 2 dels nostres estatuts.<\/p>\n<p><a href=\"#_ftnref4\" name=\"_ftn4\">[4]<\/a> En aquest sentit, l\u2019ACEDS est\u00e0 inscrita en el Registre de grups d\u2019inter\u00e8s de l\u2019Administraci\u00f3 de la Generalitat i del seu sector p\u00fablic, amb el n\u00famero d\u2019identificador 224.<\/p>\n<p><a href=\"#_ftnref5\" name=\"_ftn5\">[5]<\/a> 76 membres a 22 de setembre de 2.020.<\/p>\n<p><a href=\"#_ftnref6\" name=\"_ftn6\">[6]<\/a> Universitat de Cervera, Octubre de 2.014.<\/p>\n<p><a href=\"#_ftnref7\" name=\"_ftn7\">[7]<\/a> Thompson Reuters ARANZADI . Col\u00b7lecci\u00f3 RJCat 2.016<\/p>\n<p><a href=\"#_ftnref8\" name=\"_ftn8\">[8]<\/a> Universitat de Barcelona, Abril 2.017 .<\/p>\n<p><a href=\"#_ftnref1\" name=\"_ftn1\">[9]<\/a> CAA, novembre 2.015\u00a0 i\u00a0 ICAB , Abril 2.016. La \u00faltima la v\u00e0rem coorganitzat el passat\u00a0 11 de maig de 2018 \u2013 Jornada Andorra sobre Dret Internacional Privat de Successions (Reglament Europeu de Successions UE 650\/2012 i la Llei andorrana 46\/2014 de la successi\u00f3 per causa de mort.<\/p>\n<p><a href=\"#_ftnref2\" name=\"_ftn2\">[10]<\/a> Mecanismes de destinaci\u00f3 post mortem de la riquesa que es mouen al marge de la successi\u00f3. La editorial Marcial Pons \/ Col\u00b7legi de notaris de Catalunya publicaran pr\u00f2ximament un monogr\u00e0fic amb el contingut de les pon\u00e8ncies.<\/p>\n<p><a href=\"#_ftnref3\" name=\"_ftn3\">[11]<\/a> Sobre el particular, i en concret en relaci\u00f3 amb el boom dels WS als EUA,\u00a0 pot consultar-se el treball del membre de l\u2019ACEDS Jaume Tarabal Bosch, \u201cLa Transmissi\u00f3 post mortem de b\u00e9ns al marge de la successi\u00f3. Una aproximaci\u00f3 a la regulaci\u00f3 nord-americana dels will-substitutes\u201d recollit al ja citat monogr\u00e0fic Derecho de Sucesiones<\/p>\n<p><a href=\"#_ftnref4\" name=\"_ftn4\">[12]<\/a> LA FUNDACI\u00d3N NOTARIADO n\u2019ha fet una edici\u00f3 especial personalitzada per als notaris de tot l\u2019Estat.<\/p>\n<p><a href=\"#_ftnref5\" name=\"_ftn5\">[13]<\/a> Jornada sobre les Connexions entre el dret de Familia i el de Successions. 15 de mar\u00e7 de 2019.<\/p>\n","protected":false},"excerpt":{"rendered":"<p>L\u2019ACEDS (Associaci\u00f3 Catalana d\u2019Especialistes en Dret de Successions ) \u00e9s una entitat sense \u00e0nim de lucre [1] [2] creada el mes de desembre de 2.012 amb la finalitat principal de&hellip;<\/p>\n","protected":false},"author":2,"featured_media":0,"parent":0,"menu_order":0,"comment_status":"closed","ping_status":"closed","template":"","meta":{"spay_email":""},"_links":{"self":[{"href":"https:\/\/aceds.cat\/es\/wp-json\/wp\/v2\/pages\/58115"}],"collection":[{"href":"https:\/\/aceds.cat\/es\/wp-json\/wp\/v2\/pages"}],"about":[{"href":"https:\/\/aceds.cat\/es\/wp-json\/wp\/v2\/types\/page"}],"author":[{"embeddable":true,"href":"https:\/\/aceds.cat\/es\/wp-json\/wp\/v2\/users\/2"}],"replies":[{"embeddable":true,"href":"https:\/\/aceds.cat\/es\/wp-json\/wp\/v2\/comments?post=58115"}],"version-history":[{"count":4,"href":"https:\/\/aceds.cat\/es\/wp-json\/wp\/v2\/pages\/58115\/revisions"}],"predecessor-version":[{"id":58119,"href":"https:\/\/aceds.cat\/es\/wp-json\/wp\/v2\/pages\/58115\/revisions\/58119"}],"wp:attachment":[{"href":"https:\/\/aceds.cat\/es\/wp-json\/wp\/v2\/media?parent=58115"}],"curies":[{"name":"wp","href":"https:\/\/api.w.org\/{rel}","templated":true}]}}